{"id":2347,"date":"2025-10-26T08:18:13","date_gmt":"2025-10-26T12:18:13","guid":{"rendered":"https:\/\/earthalive.garden\/mentions-legales\/"},"modified":"2025-11-27T08:13:13","modified_gmt":"2025-11-27T13:13:13","slug":"mentions-legales","status":"publish","type":"page","link":"https:\/\/earthalive.garden\/fr\/mentions-legales\/","title":{"rendered":"Mentions l\u00e9gales"},"content":{"rendered":"\t\t<div data-elementor-type=\"wp-page\" data-elementor-id=\"2347\" class=\"elementor elementor-2347 elementor-2335\" data-elementor-post-type=\"page\">\n\t\t\t\t<div class=\"elementor-element elementor-element-9b90975 e-flex e-con-boxed e-con e-parent\" data-id=\"9b90975\" data-element_type=\"container\" data-e-type=\"container\">\n\t\t\t\t\t<div class=\"e-con-inner\">\n\t\t<div class=\"elementor-element elementor-element-94d2f71 e-con-full e-flex e-con e-child\" data-id=\"94d2f71\" data-element_type=\"container\" data-e-type=\"container\">\n\t\t\t\t<div class=\"elementor-element elementor-element-53101eb elementor-widget elementor-widget-heading\" data-id=\"53101eb\" data-element_type=\"widget\" data-e-type=\"widget\" data-widget_type=\"heading.default\">\n\t\t\t\t<div class=\"elementor-widget-container\">\n\t\t\t\t\t<h1 class=\"elementor-heading-title elementor-size-default\">Mentions l\u00e9gales<\/h1>\t\t\t\t<\/div>\n\t\t\t\t<\/div>\n\t\t<div class=\"elementor-element elementor-element-b29ab87 e-con-full e-flex e-con e-child\" data-id=\"b29ab87\" data-element_type=\"container\" data-e-type=\"container\">\n\t\t<div class=\"elementor-element elementor-element-758061c e-con-full e-flex e-con e-child\" data-id=\"758061c\" data-element_type=\"container\" data-e-type=\"container\">\n\t\t\t\t<div class=\"elementor-element elementor-element-e14374b elementor-widget elementor-widget-heading\" data-id=\"e14374b\" data-element_type=\"widget\" data-e-type=\"widget\" data-widget_type=\"heading.default\">\n\t\t\t\t<div class=\"elementor-widget-container\">\n\t\t\t\t\t<h5 class=\"elementor-heading-title elementor-size-default\">Site web<\/h5>\t\t\t\t<\/div>\n\t\t\t\t<\/div>\n\t\t\t\t<div class=\"elementor-element elementor-element-70be92f elementor-widget elementor-widget-text-editor\" data-id=\"70be92f\" data-element_type=\"widget\" data-e-type=\"widget\" data-widget_type=\"text-editor.default\">\n\t\t\t\t<div class=\"elementor-widget-container\">\n\t\t\t\t\t\t\t\t\t<p>earthalive.garden<\/p>\t\t\t\t\t\t\t\t<\/div>\n\t\t\t\t<\/div>\n\t\t\t\t<\/div>\n\t\t<div class=\"elementor-element elementor-element-2e6ec51 e-con-full e-flex e-con e-child\" data-id=\"2e6ec51\" data-element_type=\"container\" data-e-type=\"container\">\n\t\t\t\t<div class=\"elementor-element elementor-element-bd2be72 elementor-widget elementor-widget-heading\" data-id=\"bd2be72\" data-element_type=\"widget\" data-e-type=\"widget\" data-widget_type=\"heading.default\">\n\t\t\t\t<div class=\"elementor-widget-container\">\n\t\t\t\t\t<h5 class=\"elementor-heading-title elementor-size-default\">Responsable du traitement<\/h5>\t\t\t\t<\/div>\n\t\t\t\t<\/div>\n\t\t\t\t<div class=\"elementor-element elementor-element-adfa167 elementor-widget elementor-widget-text-editor\" data-id=\"adfa167\" data-element_type=\"widget\" data-e-type=\"widget\" data-widget_type=\"text-editor.default\">\n\t\t\t\t<div class=\"elementor-widget-container\">\n\t\t\t\t\t\t\t\t\t<p>Earth Alive Clean Technologies Inc.<br>3600 Avenue Griffith, Suite 350<br>Saint-Laurent, Qu\u00e9bec H4T 4L7, Canada<br>info@earthalivect.com<br>www.earthalivect.com<\/p>\t\t\t\t\t\t\t\t<\/div>\n\t\t\t\t<\/div>\n\t\t\t\t<\/div>\n\t\t<div class=\"elementor-element elementor-element-a65acd9 e-con-full e-flex e-con e-child\" data-id=\"a65acd9\" data-element_type=\"container\" data-e-type=\"container\">\n\t\t\t\t<div class=\"elementor-element elementor-element-3d6662f elementor-widget elementor-widget-heading\" data-id=\"3d6662f\" data-element_type=\"widget\" data-e-type=\"widget\" data-widget_type=\"heading.default\">\n\t\t\t\t<div class=\"elementor-widget-container\">\n\t\t\t\t\t<h5 class=\"elementor-heading-title elementor-size-default\">H\u00e9bergement<\/h5>\t\t\t\t<\/div>\n\t\t\t\t<\/div>\n\t\t\t\t<div class=\"elementor-element elementor-element-d005369 elementor-widget elementor-widget-text-editor\" data-id=\"d005369\" data-element_type=\"widget\" data-e-type=\"widget\" data-widget_type=\"text-editor.default\">\n\t\t\t\t<div class=\"elementor-widget-container\">\n\t\t\t\t\t\t\t\t\t<p>Le site est h\u00e9berg\u00e9 par un fournisseur certifi\u00e9 bas\u00e9 au Canada, garantissant une gestion s\u00e9curis\u00e9e et conforme des donn\u00e9es.<\/p>\t\t\t\t\t\t\t\t<\/div>\n\t\t\t\t<\/div>\n\t\t\t\t<\/div>\n\t\t\t\t<\/div>\n\t\t<div class=\"elementor-element elementor-element-089403b e-con-full e-flex e-con e-child\" data-id=\"089403b\" data-element_type=\"container\" data-e-type=\"container\">\n\t\t\t\t<div class=\"elementor-element elementor-element-f92f5e1 elementor-widget elementor-widget-heading\" data-id=\"f92f5e1\" data-element_type=\"widget\" data-e-type=\"widget\" data-widget_type=\"heading.default\">\n\t\t\t\t<div class=\"elementor-widget-container\">\n\t\t\t\t\t<h3 class=\"elementor-heading-title elementor-size-default\">1. Conditions d\u2019utilisation<\/h3>\t\t\t\t<\/div>\n\t\t\t\t<\/div>\n\t\t\t\t<div class=\"elementor-element elementor-element-2588a7a elementor-widget elementor-widget-text-editor\" data-id=\"2588a7a\" data-element_type=\"widget\" data-e-type=\"widget\" data-widget_type=\"text-editor.default\">\n\t\t\t\t<div class=\"elementor-widget-container\">\n\t\t\t\t\t\t\t\t\t<p>En acc\u00e9dant ou en utilisant ce site web, vous acceptez d\u2019\u00eatre li\u00e9(e) par les pr\u00e9sentes Mentions l\u00e9gales et la Politique de confidentialit\u00e9 ci-dessous.<\/p><p>Le contenu est fourni \u00e0 titre informatif et promotionnel uniquement.<\/p><p>Earth Alive Clean Technologies Inc. s\u2019efforce d\u2019assurer l\u2019exactitude des informations, sans toutefois en garantir l\u2019exhaustivit\u00e9 ou la mise \u00e0 jour continue.<\/p>\t\t\t\t\t\t\t\t<\/div>\n\t\t\t\t<\/div>\n\t\t\t\t<\/div>\n\t\t<div class=\"elementor-element elementor-element-91375ec e-con-full e-flex e-con e-child\" data-id=\"91375ec\" data-element_type=\"container\" data-e-type=\"container\">\n\t\t\t\t<div class=\"elementor-element elementor-element-1817654 elementor-widget elementor-widget-heading\" data-id=\"1817654\" data-element_type=\"widget\" data-e-type=\"widget\" data-widget_type=\"heading.default\">\n\t\t\t\t<div class=\"elementor-widget-container\">\n\t\t\t\t\t<h3 class=\"elementor-heading-title elementor-size-default\">2. Propri\u00e9t\u00e9 intellectuelle<\/h3>\t\t\t\t<\/div>\n\t\t\t\t<\/div>\n\t\t\t\t<div class=\"elementor-element elementor-element-ea2f49b elementor-widget elementor-widget-text-editor\" data-id=\"ea2f49b\" data-element_type=\"widget\" data-e-type=\"widget\" data-widget_type=\"text-editor.default\">\n\t\t\t\t<div class=\"elementor-widget-container\">\n\t\t\t\t\t\t\t\t\t<p>Tous les \u00e9l\u00e9ments du site (textes, graphismes, images, logos, marques, noms de domaine, etc.) sont la propri\u00e9t\u00e9 exclusive d\u2019Earth Alive Clean Technologies Inc., sauf mention contraire.<\/p><p>Toute reproduction, distribution ou utilisation sans autorisation \u00e9crite pr\u00e9alable est strictement interdite.<\/p>\t\t\t\t\t\t\t\t<\/div>\n\t\t\t\t<\/div>\n\t\t\t\t<\/div>\n\t\t<div class=\"elementor-element elementor-element-006c291 e-con-full e-flex e-con e-child\" data-id=\"006c291\" data-element_type=\"container\" data-e-type=\"container\">\n\t\t\t\t<div class=\"elementor-element elementor-element-51cf806 elementor-widget elementor-widget-heading\" data-id=\"51cf806\" data-element_type=\"widget\" data-e-type=\"widget\" data-widget_type=\"heading.default\">\n\t\t\t\t<div class=\"elementor-widget-container\">\n\t\t\t\t\t<h3 class=\"elementor-heading-title elementor-size-default\">3. Produits et responsabilit\u00e9<\/h3>\t\t\t\t<\/div>\n\t\t\t\t<\/div>\n\t\t\t\t<div class=\"elementor-element elementor-element-b7da61c elementor-widget elementor-widget-text-editor\" data-id=\"b7da61c\" data-element_type=\"widget\" data-e-type=\"widget\" data-widget_type=\"text-editor.default\">\n\t\t\t\t<div class=\"elementor-widget-container\">\n\t\t\t\t\t\t\t\t\t<p>Les descriptions et visuels des produits sont fournis \u00e0 titre informatif.<\/p><p>Earth Alive Clean Technologies Inc. ne saurait \u00eatre tenue responsable des dommages directs ou indirects li\u00e9s \u00e0 l\u2019utilisation du site ou des produits pr\u00e9sent\u00e9s, sauf disposition l\u00e9gale contraire.<\/p>\t\t\t\t\t\t\t\t<\/div>\n\t\t\t\t<\/div>\n\t\t\t\t<\/div>\n\t\t<div class=\"elementor-element elementor-element-b028474 e-con-full e-flex e-con e-child\" data-id=\"b028474\" data-element_type=\"container\" data-e-type=\"container\">\n\t\t\t\t<div class=\"elementor-element elementor-element-9e66951 elementor-widget elementor-widget-heading\" data-id=\"9e66951\" data-element_type=\"widget\" data-e-type=\"widget\" data-widget_type=\"heading.default\">\n\t\t\t\t<div class=\"elementor-widget-container\">\n\t\t\t\t\t<h3 class=\"elementor-heading-title elementor-size-default\">4. Liens externes<\/h3>\t\t\t\t<\/div>\n\t\t\t\t<\/div>\n\t\t\t\t<div class=\"elementor-element elementor-element-32c8f43 elementor-widget elementor-widget-text-editor\" data-id=\"32c8f43\" data-element_type=\"widget\" data-e-type=\"widget\" data-widget_type=\"text-editor.default\">\n\t\t\t\t<div class=\"elementor-widget-container\">\n\t\t\t\t\t\t\t\t\t<p>Le site peut contenir des liens vers des sites tiers, notamment Amazon.<\/p><p>Earth Alive Clean Technologies Inc. ne saurait \u00eatre tenue responsable des dommages directs ou indirects li\u00e9s \u00e0 l\u2019utilisation du site ou des produits pr\u00e9sent\u00e9s, sauf disposition l\u00e9gale contraire.<\/p>\t\t\t\t\t\t\t\t<\/div>\n\t\t\t\t<\/div>\n\t\t\t\t<\/div>\n\t\t<div class=\"elementor-element elementor-element-f4ea4d2 e-con-full e-flex e-con e-child\" data-id=\"f4ea4d2\" data-element_type=\"container\" data-e-type=\"container\">\n\t\t\t\t<div class=\"elementor-element elementor-element-1ee2f77 elementor-widget elementor-widget-heading\" data-id=\"1ee2f77\" data-element_type=\"widget\" data-e-type=\"widget\" data-widget_type=\"heading.default\">\n\t\t\t\t<div class=\"elementor-widget-container\">\n\t\t\t\t\t<h3 class=\"elementor-heading-title elementor-size-default\">5. Avis e-commerce<\/h3>\t\t\t\t<\/div>\n\t\t\t\t<\/div>\n\t\t\t\t<div class=\"elementor-element elementor-element-7a83e72 elementor-widget elementor-widget-text-editor\" data-id=\"7a83e72\" data-element_type=\"widget\" data-e-type=\"widget\" data-widget_type=\"text-editor.default\">\n\t\t\t\t<div class=\"elementor-widget-container\">\n\t\t\t\t\t\t\t\t\t<p>Les achats effectu\u00e9s via Amazon ou toute autre plateforme tierce sont soumis aux conditions et politiques de ces plateformes.<\/p><p>Earth Alive Clean Technologies Inc. ne traite pas directement les paiements ni les livraisons via ce site.<\/p><p>Toute demande de service apr\u00e8s-vente ou de garantie doit suivre les proc\u00e9dures officielles d\u2019Amazon.<\/p>\t\t\t\t\t\t\t\t<\/div>\n\t\t\t\t<\/div>\n\t\t\t\t<\/div>\n\t\t<div class=\"elementor-element elementor-element-fb37540 e-con-full e-flex e-con e-child\" data-id=\"fb37540\" data-element_type=\"container\" data-e-type=\"container\">\n\t\t\t\t<div class=\"elementor-element elementor-element-f7ba691 elementor-widget elementor-widget-heading\" data-id=\"f7ba691\" data-element_type=\"widget\" data-e-type=\"widget\" data-widget_type=\"heading.default\">\n\t\t\t\t<div class=\"elementor-widget-container\">\n\t\t\t\t\t<h3 class=\"elementor-heading-title elementor-size-default\">6. Droit applicable<\/h3>\t\t\t\t<\/div>\n\t\t\t\t<\/div>\n\t\t\t\t<div class=\"elementor-element elementor-element-7725e0f elementor-widget elementor-widget-text-editor\" data-id=\"7725e0f\" data-element_type=\"widget\" data-e-type=\"widget\" data-widget_type=\"text-editor.default\">\n\t\t\t\t<div class=\"elementor-widget-container\">\n\t\t\t\t\t\t\t\t\t<p>Les pr\u00e9sentes Mentions l\u00e9gales sont r\u00e9gies par les lois de la province de Qu\u00e9bec et les lois f\u00e9d\u00e9rales du Canada applicables.<\/p><p>Tout litige sera soumis aux tribunaux comp\u00e9tents de Montr\u00e9al (Qu\u00e9bec).<\/p>\t\t\t\t\t\t\t\t<\/div>\n\t\t\t\t<\/div>\n\t\t\t\t<\/div>\n\t\t<div class=\"elementor-element elementor-element-cccf6fc e-con-full e-flex e-con e-child\" data-id=\"cccf6fc\" data-element_type=\"container\" data-e-type=\"container\">\n\t\t\t\t<div class=\"elementor-element elementor-element-5df0dcf pl-icon elementor-view-default elementor-widget elementor-widget-icon\" data-id=\"5df0dcf\" data-element_type=\"widget\" data-e-type=\"widget\" data-widget_type=\"icon.default\">\n\t\t\t\t<div class=\"elementor-widget-container\">\n\t\t\t\t\t\t\t<div class=\"elementor-icon-wrapper\">\n\t\t\t<div class=\"elementor-icon\">\n\t\t\t<svg xmlns=\"http:\/\/www.w3.org\/2000\/svg\" id=\"Layer_1\" viewBox=\"0 0 500 449.4\"><path d=\"M399.5,205.1c-26.8-8.3-54.6-17-80.4-38.5-50.3-41.9-50-98.7-49.6-153.6,0-4.4,0-8.7,0-12.9h-39c0,4.3,0,8.6,0,12.9.3,54.9.7,111.7-49.6,153.6-25.8,21.5-53.6,30.2-80.4,38.5-35.6,11.1-72.5,22.5-100.5,62.5l30.7,21.6c20.7-29.5,47.3-37.7,80.9-48.2,28.9-9,61.7-19.2,93.3-45.5,10.6-8.8,19.2-18.1,26.5-27.8-.1,9.8-.1,20.3.2,31-2.1,61.8-18.8,124.2-121.9,157.4l11.5,35.8c54.1-17.4,88.5-42.8,110.4-71.5v129.1h37.6v-128.9c21.9,28.7,56.3,54,110.3,71.4l11.5-35.8c-101.9-32.8-119.4-94.1-121.8-155.2v-4.6c.3-9.5.3-18.6.2-27.3,7.1,9.2,15.4,18,25.5,26.4,31.6,26.3,64.4,36.5,93.3,45.5,33.7,10.5,60.2,18.7,80.9,48.2l30.7-21.6c-28.1-39.9-64.9-51.4-100.5-62.5Z\"><\/path><\/svg>\t\t\t<\/div>\n\t\t<\/div>\n\t\t\t\t\t\t<\/div>\n\t\t\t\t<\/div>\n\t\t\t\t<div class=\"elementor-element elementor-element-4f63b1b pl-icon elementor-view-default elementor-widget elementor-widget-icon\" data-id=\"4f63b1b\" data-element_type=\"widget\" data-e-type=\"widget\" data-widget_type=\"icon.default\">\n\t\t\t\t<div class=\"elementor-widget-container\">\n\t\t\t\t\t\t\t<div class=\"elementor-icon-wrapper\">\n\t\t\t<div class=\"elementor-icon\">\n\t\t\t<svg xmlns=\"http:\/\/www.w3.org\/2000\/svg\" id=\"Layer_1\" viewBox=\"0 0 500 449.4\"><path d=\"M399.5,205.1c-26.8-8.3-54.6-17-80.4-38.5-50.3-41.9-50-98.7-49.6-153.6,0-4.4,0-8.7,0-12.9h-39c0,4.3,0,8.6,0,12.9.3,54.9.7,111.7-49.6,153.6-25.8,21.5-53.6,30.2-80.4,38.5-35.6,11.1-72.5,22.5-100.5,62.5l30.7,21.6c20.7-29.5,47.3-37.7,80.9-48.2,28.9-9,61.7-19.2,93.3-45.5,10.6-8.8,19.2-18.1,26.5-27.8-.1,9.8-.1,20.3.2,31-2.1,61.8-18.8,124.2-121.9,157.4l11.5,35.8c54.1-17.4,88.5-42.8,110.4-71.5v129.1h37.6v-128.9c21.9,28.7,56.3,54,110.3,71.4l11.5-35.8c-101.9-32.8-119.4-94.1-121.8-155.2v-4.6c.3-9.5.3-18.6.2-27.3,7.1,9.2,15.4,18,25.5,26.4,31.6,26.3,64.4,36.5,93.3,45.5,33.7,10.5,60.2,18.7,80.9,48.2l30.7-21.6c-28.1-39.9-64.9-51.4-100.5-62.5Z\"><\/path><\/svg>\t\t\t<\/div>\n\t\t<\/div>\n\t\t\t\t\t\t<\/div>\n\t\t\t\t<\/div>\n\t\t\t\t<div class=\"elementor-element elementor-element-e10ac1e pl-icon elementor-view-default elementor-widget elementor-widget-icon\" data-id=\"e10ac1e\" data-element_type=\"widget\" data-e-type=\"widget\" data-widget_type=\"icon.default\">\n\t\t\t\t<div class=\"elementor-widget-container\">\n\t\t\t\t\t\t\t<div class=\"elementor-icon-wrapper\">\n\t\t\t<div class=\"elementor-icon\">\n\t\t\t<svg xmlns=\"http:\/\/www.w3.org\/2000\/svg\" id=\"Layer_1\" viewBox=\"0 0 500 449.4\"><path d=\"M399.5,205.1c-26.8-8.3-54.6-17-80.4-38.5-50.3-41.9-50-98.7-49.6-153.6,0-4.4,0-8.7,0-12.9h-39c0,4.3,0,8.6,0,12.9.3,54.9.7,111.7-49.6,153.6-25.8,21.5-53.6,30.2-80.4,38.5-35.6,11.1-72.5,22.5-100.5,62.5l30.7,21.6c20.7-29.5,47.3-37.7,80.9-48.2,28.9-9,61.7-19.2,93.3-45.5,10.6-8.8,19.2-18.1,26.5-27.8-.1,9.8-.1,20.3.2,31-2.1,61.8-18.8,124.2-121.9,157.4l11.5,35.8c54.1-17.4,88.5-42.8,110.4-71.5v129.1h37.6v-128.9c21.9,28.7,56.3,54,110.3,71.4l11.5-35.8c-101.9-32.8-119.4-94.1-121.8-155.2v-4.6c.3-9.5.3-18.6.2-27.3,7.1,9.2,15.4,18,25.5,26.4,31.6,26.3,64.4,36.5,93.3,45.5,33.7,10.5,60.2,18.7,80.9,48.2l30.7-21.6c-28.1-39.9-64.9-51.4-100.5-62.5Z\"><\/path><\/svg>\t\t\t<\/div>\n\t\t<\/div>\n\t\t\t\t\t\t<\/div>\n\t\t\t\t<\/div>\n\t\t\t\t<\/div>\n\t\t\t\t<\/div>\n\t\t\t\t\t<\/div>\n\t\t\t\t<\/div>\n\t\t\t\t<\/div>\n\t\t","protected":false},"excerpt":{"rendered":"<p>Mentions l\u00e9gales Site web earthalive.garden Responsable du traitement Earth Alive Clean Technologies Inc.3600 Avenue Griffith, Suite 350Saint-Laurent, Qu\u00e9bec H4T 4L7, Canadainfo@earthalivect.comwww.earthalivect.com H\u00e9bergement Le site est h\u00e9berg\u00e9 par un fournisseur certifi\u00e9 bas\u00e9 au Canada, garantissant une gestion s\u00e9curis\u00e9e et conforme des donn\u00e9es. 1. Conditions d\u2019utilisation En acc\u00e9dant ou en utilisant ce site web, vous acceptez d\u2019\u00eatre [&hellip;]<\/p>\n","protected":false},"author":2,"featured_media":0,"parent":0,"menu_order":0,"comment_status":"closed","ping_status":"closed","template":"elementor_header_footer","meta":{"footnotes":""},"class_list":["post-2347","page","type-page","status-publish","hentry"],"yoast_head":"<!-- This site is optimized with the Yoast SEO plugin v27.3 - https:\/\/yoast.com\/product\/yoast-seo-wordpress\/ -->\n<title>Mentions l\u00e9gales &#8226; EARTH ALIVE\u00ae Garden<\/title>\n<meta name=\"robots\" content=\"index, follow, max-snippet:-1, max-image-preview:large, max-video-preview:-1\" \/>\n<link rel=\"canonical\" href=\"https:\/\/earthalive.garden\/en\/legal-notice\/\" \/>\n<meta property=\"og:locale\" content=\"fr_FR\" \/>\n<meta property=\"og:type\" content=\"article\" \/>\n<meta property=\"og:title\" content=\"Mentions l\u00e9gales &#8226; EARTH ALIVE\u00ae Garden\" \/>\n<meta property=\"og:description\" content=\"Mentions l\u00e9gales Site web earthalive.garden Responsable du traitement Earth Alive Clean Technologies Inc.3600 Avenue Griffith, Suite 350Saint-Laurent, Qu\u00e9bec H4T 4L7, Canadainfo@earthalivect.comwww.earthalivect.com H\u00e9bergement Le site est h\u00e9berg\u00e9 par un fournisseur certifi\u00e9 bas\u00e9 au Canada, garantissant une gestion s\u00e9curis\u00e9e et conforme des donn\u00e9es. 1. Conditions d\u2019utilisation En acc\u00e9dant ou en utilisant ce site web, vous acceptez d\u2019\u00eatre [&hellip;]\" \/>\n<meta property=\"og:url\" content=\"https:\/\/earthalive.garden\/en\/legal-notice\/\" \/>\n<meta property=\"og:site_name\" content=\"EARTH ALIVE\u00ae Garden\" \/>\n<meta property=\"article:modified_time\" content=\"2025-11-27T13:13:13+00:00\" \/>\n<meta property=\"og:image\" content=\"https:\/\/earthalive.garden\/wp-content\/uploads\/2025\/10\/Groupe-Earth-Alive.webp\" \/>\n\t<meta property=\"og:image:width\" content=\"4247\" \/>\n\t<meta property=\"og:image:height\" content=\"1479\" \/>\n\t<meta property=\"og:image:type\" content=\"image\/webp\" \/>\n<meta name=\"twitter:card\" content=\"summary_large_image\" \/>\n<meta name=\"twitter:label1\" content=\"Dur\u00e9e de lecture estim\u00e9e\" \/>\n\t<meta name=\"twitter:data1\" content=\"2 minutes\" \/>\n<script type=\"application\/ld+json\" class=\"yoast-schema-graph\">{\"@context\":\"https:\\\/\\\/schema.org\",\"@graph\":[{\"@type\":\"WebPage\",\"@id\":\"https:\\\/\\\/earthalive.garden\\\/en\\\/legal-notice\\\/\",\"url\":\"https:\\\/\\\/earthalive.garden\\\/en\\\/legal-notice\\\/\",\"name\":\"Mentions l\u00e9gales &#8226; EARTH ALIVE\u00ae Garden\",\"isPartOf\":{\"@id\":\"https:\\\/\\\/earthalive.garden\\\/en\\\/#website\"},\"datePublished\":\"2025-10-26T12:18:13+00:00\",\"dateModified\":\"2025-11-27T13:13:13+00:00\",\"breadcrumb\":{\"@id\":\"https:\\\/\\\/earthalive.garden\\\/en\\\/legal-notice\\\/#breadcrumb\"},\"inLanguage\":\"fr-FR\",\"potentialAction\":[{\"@type\":\"ReadAction\",\"target\":[\"https:\\\/\\\/earthalive.garden\\\/en\\\/legal-notice\\\/\"]}]},{\"@type\":\"BreadcrumbList\",\"@id\":\"https:\\\/\\\/earthalive.garden\\\/en\\\/legal-notice\\\/#breadcrumb\",\"itemListElement\":[{\"@type\":\"ListItem\",\"position\":1,\"name\":\"Home\",\"item\":\"https:\\\/\\\/earthalive.garden\\\/fr\\\/accueil\\\/\"},{\"@type\":\"ListItem\",\"position\":2,\"name\":\"Mentions l\u00e9gales\"}]},{\"@type\":\"WebSite\",\"@id\":\"https:\\\/\\\/earthalive.garden\\\/en\\\/#website\",\"url\":\"https:\\\/\\\/earthalive.garden\\\/en\\\/\",\"name\":\"Earth Alive Garden\",\"description\":\"\",\"publisher\":{\"@id\":\"https:\\\/\\\/earthalive.garden\\\/en\\\/#organization\"},\"potentialAction\":[{\"@type\":\"SearchAction\",\"target\":{\"@type\":\"EntryPoint\",\"urlTemplate\":\"https:\\\/\\\/earthalive.garden\\\/en\\\/?s={search_term_string}\"},\"query-input\":{\"@type\":\"PropertyValueSpecification\",\"valueRequired\":true,\"valueName\":\"search_term_string\"}}],\"inLanguage\":\"fr-FR\"},{\"@type\":\"Organization\",\"@id\":\"https:\\\/\\\/earthalive.garden\\\/en\\\/#organization\",\"name\":\"Earth Alive Garden\",\"url\":\"https:\\\/\\\/earthalive.garden\\\/en\\\/\",\"logo\":{\"@type\":\"ImageObject\",\"inLanguage\":\"fr-FR\",\"@id\":\"https:\\\/\\\/earthalive.garden\\\/en\\\/#\\\/schema\\\/logo\\\/image\\\/\",\"url\":\"https:\\\/\\\/earthalive.garden\\\/wp-content\\\/uploads\\\/2025\\\/10\\\/cropped-root-favico.png\",\"contentUrl\":\"https:\\\/\\\/earthalive.garden\\\/wp-content\\\/uploads\\\/2025\\\/10\\\/cropped-root-favico.png\",\"width\":512,\"height\":512,\"caption\":\"Earth Alive Garden\"},\"image\":{\"@id\":\"https:\\\/\\\/earthalive.garden\\\/en\\\/#\\\/schema\\\/logo\\\/image\\\/\"}}]}<\/script>\n<!-- \/ Yoast SEO plugin. -->","yoast_head_json":{"title":"Mentions l\u00e9gales &#8226; EARTH ALIVE\u00ae Garden","robots":{"index":"index","follow":"follow","max-snippet":"max-snippet:-1","max-image-preview":"max-image-preview:large","max-video-preview":"max-video-preview:-1"},"canonical":"https:\/\/earthalive.garden\/en\/legal-notice\/","og_locale":"fr_FR","og_type":"article","og_title":"Mentions l\u00e9gales &#8226; EARTH ALIVE\u00ae Garden","og_description":"Mentions l\u00e9gales Site web earthalive.garden Responsable du traitement Earth Alive Clean Technologies Inc.3600 Avenue Griffith, Suite 350Saint-Laurent, Qu\u00e9bec H4T 4L7, Canadainfo@earthalivect.comwww.earthalivect.com H\u00e9bergement Le site est h\u00e9berg\u00e9 par un fournisseur certifi\u00e9 bas\u00e9 au Canada, garantissant une gestion s\u00e9curis\u00e9e et conforme des donn\u00e9es. 1. Conditions d\u2019utilisation En acc\u00e9dant ou en utilisant ce site web, vous acceptez d\u2019\u00eatre [&hellip;]","og_url":"https:\/\/earthalive.garden\/en\/legal-notice\/","og_site_name":"EARTH ALIVE\u00ae Garden","article_modified_time":"2025-11-27T13:13:13+00:00","og_image":[{"width":4247,"height":1479,"url":"https:\/\/earthalive.garden\/wp-content\/uploads\/2025\/10\/Groupe-Earth-Alive.webp","type":"image\/webp"}],"twitter_card":"summary_large_image","twitter_misc":{"Dur\u00e9e de lecture estim\u00e9e":"2 minutes"},"schema":{"@context":"https:\/\/schema.org","@graph":[{"@type":"WebPage","@id":"https:\/\/earthalive.garden\/en\/legal-notice\/","url":"https:\/\/earthalive.garden\/en\/legal-notice\/","name":"Mentions l\u00e9gales &#8226; EARTH ALIVE\u00ae Garden","isPartOf":{"@id":"https:\/\/earthalive.garden\/en\/#website"},"datePublished":"2025-10-26T12:18:13+00:00","dateModified":"2025-11-27T13:13:13+00:00","breadcrumb":{"@id":"https:\/\/earthalive.garden\/en\/legal-notice\/#breadcrumb"},"inLanguage":"fr-FR","potentialAction":[{"@type":"ReadAction","target":["https:\/\/earthalive.garden\/en\/legal-notice\/"]}]},{"@type":"BreadcrumbList","@id":"https:\/\/earthalive.garden\/en\/legal-notice\/#breadcrumb","itemListElement":[{"@type":"ListItem","position":1,"name":"Home","item":"https:\/\/earthalive.garden\/fr\/accueil\/"},{"@type":"ListItem","position":2,"name":"Mentions l\u00e9gales"}]},{"@type":"WebSite","@id":"https:\/\/earthalive.garden\/en\/#website","url":"https:\/\/earthalive.garden\/en\/","name":"Earth Alive Garden","description":"","publisher":{"@id":"https:\/\/earthalive.garden\/en\/#organization"},"potentialAction":[{"@type":"SearchAction","target":{"@type":"EntryPoint","urlTemplate":"https:\/\/earthalive.garden\/en\/?s={search_term_string}"},"query-input":{"@type":"PropertyValueSpecification","valueRequired":true,"valueName":"search_term_string"}}],"inLanguage":"fr-FR"},{"@type":"Organization","@id":"https:\/\/earthalive.garden\/en\/#organization","name":"Earth Alive Garden","url":"https:\/\/earthalive.garden\/en\/","logo":{"@type":"ImageObject","inLanguage":"fr-FR","@id":"https:\/\/earthalive.garden\/en\/#\/schema\/logo\/image\/","url":"https:\/\/earthalive.garden\/wp-content\/uploads\/2025\/10\/cropped-root-favico.png","contentUrl":"https:\/\/earthalive.garden\/wp-content\/uploads\/2025\/10\/cropped-root-favico.png","width":512,"height":512,"caption":"Earth Alive Garden"},"image":{"@id":"https:\/\/earthalive.garden\/en\/#\/schema\/logo\/image\/"}}]}},"_links":{"self":[{"href":"https:\/\/earthalive.garden\/fr\/wp-json\/wp\/v2\/pages\/2347","targetHints":{"allow":["GET"]}}],"collection":[{"href":"https:\/\/earthalive.garden\/fr\/wp-json\/wp\/v2\/pages"}],"about":[{"href":"https:\/\/earthalive.garden\/fr\/wp-json\/wp\/v2\/types\/page"}],"author":[{"embeddable":true,"href":"https:\/\/earthalive.garden\/fr\/wp-json\/wp\/v2\/users\/2"}],"replies":[{"embeddable":true,"href":"https:\/\/earthalive.garden\/fr\/wp-json\/wp\/v2\/comments?post=2347"}],"version-history":[{"count":0,"href":"https:\/\/earthalive.garden\/fr\/wp-json\/wp\/v2\/pages\/2347\/revisions"}],"wp:attachment":[{"href":"https:\/\/earthalive.garden\/fr\/wp-json\/wp\/v2\/media?parent=2347"}],"curies":[{"name":"wp","href":"https:\/\/api.w.org\/{rel}","templated":true}]}}